{"id":24860,"date":"2025-01-27T12:38:34","date_gmt":"2025-01-27T12:38:34","guid":{"rendered":"https:\/\/benegesta.com\/?page_id=24860"},"modified":"2025-02-03T09:33:20","modified_gmt":"2025-02-03T09:33:20","slug":"frankreich","status":"publish","type":"page","link":"https:\/\/benegesta.com\/fr\/france\/","title":{"rendered":"France"},"content":{"rendered":"<div data-elementor-type=\"wp-page\" data-elementor-id=\"24860\" class=\"elementor elementor-24860\" data-elementor-post-type=\"page\">\n\t\t\t\t        <section class=\"elementor-section elementor-top-section elementor-element elementor-element-4fd3f5f6 elementor-section-stretched elementor-section-boxed elementor-section-height-default elementor-section-height-default pxl-row-scroll-none pxl-zoom-point-false pxl-section-overflow-visible pxl-section-fix-none pxl-bg-color-none pxl-section-overlay-none\" data-id=\"4fd3f5f6\" data-element_type=\"section\" data-e-type=\"section\" data-settings=\"{&quot;stretch_section&quot;:&quot;section-stretched&quot;}\">\n\n                \n                <div class=\"elementor-container elementor-column-gap-extended\">\n                <div class=\"elementor-column elementor-col-50 elementor-top-column elementor-element elementor-element-b5c805e pxl-column-none pxl-column-overflow-hidden-no\" data-id=\"b5c805e\" data-element_type=\"column\" data-e-type=\"column\">\r\n        <div class=\"elementor-widget-wrap elementor-element-populated\">\r\n                     \r\n                <section class=\"elementor-section elementor-inner-section elementor-element elementor-element-41f2ac7 elementor-section-boxed elementor-section-height-default elementor-section-height-default pxl-row-scroll-none pxl-zoom-point-false pxl-section-overflow-visible pxl-section-fix-none pxl-bg-color-none pxl-section-overlay-none\" data-id=\"41f2ac7\" data-element_type=\"section\" data-e-type=\"section\">\n\n                \n                <div class=\"elementor-container elementor-column-gap-default\">\n                <div class=\"elementor-column elementor-col-100 elementor-inner-column elementor-element elementor-element-4f75c49d pxl-column-none pxl-column-overflow-hidden-no\" data-id=\"4f75c49d\" data-element_type=\"column\" data-e-type=\"column\">\r\n        <div class=\"elementor-widget-wrap elementor-element-populated\">\r\n                     \r\n        \t\t<div class=\"elementor-element elementor-element-424b9339 elementor-widget__width-auto elementor-widget-tablet__width-initial elementor-widget elementor-widget-pxl_heading\" data-id=\"424b9339\" data-element_type=\"widget\" data-e-type=\"widget\" data-widget_type=\"pxl_heading.default\">\n\t\t\t\t<div class=\"elementor-widget-container\">\n\t\t\t\t\t\n<div id=\"pxl-pxl_heading-424b9339-2797\" class=\"pxl-heading\" >\n\t<div class=\"pxl-heading--container\" >\n\t\t<div class=\"pxl-heading--inner\">\n\t\t\t\t\t\t\t<div class=\"pxl-item--subtitle\" data-wow-delay=\"ms\">\n\t\t\t\t\t<span class=\"pxl-item--subtext\">\n\t\t\t\t\t\tDer zweitgr\u00f6\u00dfte Markt in Europa\t\t\t\t\t<\/span>\n\t\t\t\t<\/div>\n\t\t\t\t\t\t\t\t\t<h2 class=\"pxl-item--title pxl-heading-style-1  wow fadeInUp\" data-wow-delay=\"ms\">\n\t\t\t\tFrance\t\t\t\t\t\n\t\t\t\t\t\t\t<\/h2>\n\t\t<\/div>\n\t\t\n\t<\/div>\n<\/div>\n\t\t\t\t<\/div>\n\t\t\t\t<\/div>\n\t\t            <\/div>\r\n        <\/div>\r\n        \t\t\t<\/div>\n\t\t<\/section>\n\t\t\t\t<div class=\"elementor-element elementor-element-5c720bd9 elementor-widget__width-auto elementor-widget-tablet__width-initial elementor-widget elementor-widget-pxl_text_editor\" data-id=\"5c720bd9\" data-element_type=\"widget\" data-e-type=\"widget\" data-widget_type=\"pxl_text_editor.default\">\n\t\t\t\t<div class=\"elementor-widget-container\">\n\t\t\t\t\t<div class=\"pxl-text-editor\">\n\t<div class=\"pxl-item--inner pxl-p2\" data-wow-delay=\"ms\">\n\t\t<p>Frankreich bietet europ\u00e4ischen Unternehmen nicht nur Zugang zu einem gro\u00dfen, diversifizierten Markt, sondern auch zu einem innovationsfreundlichen und zukunftsorientierten Umfeld. Von etablierten Industrien wie Energie und Automobil bis hin zu Wachstumsfeldern wie Technologie und nachhaltiger Entwicklung \u2013 Frankreich bietet alles, was Unternehmen f\u00fcr nachhaltigen Erfolg ben\u00f6tigen.<\/p>\t\t\n\t<\/div>\n<\/div>\t\t\t\t<\/div>\n\t\t\t\t<\/div>\n\t\t            <\/div>\r\n        <\/div>\r\n                <div class=\"elementor-column elementor-col-50 elementor-top-column elementor-element elementor-element-5892ac15 pxl-column-none pxl-column-overflow-hidden-no\" data-id=\"5892ac15\" data-element_type=\"column\" data-e-type=\"column\">\r\n        <div class=\"elementor-widget-wrap elementor-element-populated\">\r\n                     \r\n        \t\t<div class=\"elementor-element elementor-element-160777ba elementor-widget elementor-widget-pxl_image\" data-id=\"160777ba\" data-element_type=\"widget\" data-e-type=\"widget\" data-widget_type=\"pxl_image.default\">\n\t\t\t\t<div class=\"elementor-widget-container\">\n\t\t\t\t\t<div id=\"pxl_image-160777ba-4697\"  class=\"pxl-image-single\"  data-wow-delay=\"ms\" \r\n      \r\n          data-parallax-value = \"0\">\r\n    <div class=\"pxl-item--inner\" data-wow-delay=\"120ms\">\r\n                                    <div class=\"pxl-item--image\" >\r\n                                            <img fetchpriority=\"high\" decoding=\"async\" width=\"2560\" height=\"1707\" src=\"https:\/\/benegesta.com\/wp-content\/uploads\/2025\/01\/france-flag-on-the-reception-desk-in-the-hotel-lob-2023-11-27-04-57-25-utc-scaled.jpg\" class=\"no-lazyload attachment-full\" alt=\"\" \/>                                    <\/div>\r\n                                                                    <\/div>\r\n<\/div>\r\n\t\t\t\t<\/div>\n\t\t\t\t<\/div>\n\t\t            <\/div>\r\n        <\/div>\r\n        \t\t\t<\/div>\n\t\t<\/section>\n\t\t        <section class=\"elementor-section elementor-top-section elementor-element elementor-element-33e471de elementor-section-stretched elementor-section-boxed elementor-section-height-default elementor-section-height-default pxl-row-scroll-none pxl-zoom-point-false pxl-section-overflow-visible pxl-section-fix-none pxl-bg-color-none pxl-section-overlay-none\" data-id=\"33e471de\" data-element_type=\"section\" data-e-type=\"section\" data-settings=\"{&quot;stretch_section&quot;:&quot;section-stretched&quot;}\">\n\n                \n                <div class=\"elementor-container elementor-column-gap-extended\">\n                <div class=\"elementor-column elementor-col-100 elementor-top-column elementor-element elementor-element-7be56b4d pxl-column-none pxl-column-overflow-hidden-no\" data-id=\"7be56b4d\" data-element_type=\"column\" data-e-type=\"column\">\r\n        <div class=\"elementor-widget-wrap\">\r\n                     \r\n                    <\/div>\r\n        <\/div>\r\n        \t\t\t<\/div>\n\t\t<\/section>\n\t\t        <section class=\"elementor-section elementor-top-section elementor-element elementor-element-16df1dd2 elementor-section-boxed elementor-section-height-default elementor-section-height-default pxl-row-scroll-none pxl-zoom-point-false pxl-section-overflow-visible pxl-section-fix-none pxl-bg-color-none pxl-section-overlay-none\" data-id=\"16df1dd2\" data-element_type=\"section\" data-e-type=\"section\">\n\n                \n                <div class=\"elementor-container elementor-column-gap-default\">\n                <div class=\"elementor-column elementor-col-66 elementor-top-column elementor-element elementor-element-355a22e9 pxl-column-none pxl-column-overflow-hidden-no\" data-id=\"355a22e9\" data-element_type=\"column\" data-e-type=\"column\">\r\n        <div class=\"elementor-widget-wrap elementor-element-populated\">\r\n                     \r\n        \t\t<div class=\"elementor-element elementor-element-59614a33 elementor-widget elementor-widget-pxl_accordion\" data-id=\"59614a33\" data-element_type=\"widget\" data-e-type=\"widget\" data-widget_type=\"pxl_accordion.default\">\n\t\t\t\t<div class=\"elementor-widget-container\">\n\t\t\t\t\t    <div class=\"pxl-accordion pxl-accordion1 pxl-accordion-style-default\" data-wow-delay=\"ms\">\r\n                    <div class=\"pxl--item active\">\r\n                <h5 class=\"pxl-accordion--title\" data-target=\"#pxl_accordion-59614a33-5634-1244bab\">\r\n                                        <span class=\"pxl-title--text\">Force d'innovation et centres technologiques<\/span>\r\n                    <span class=\"pxl-icon--action\"><\/i><\/span>\r\n                <\/h5>\r\n                <div id=\"pxl_accordion-59614a33-5634-1244bab\" class=\"pxl-accordion--content pxl-p3\" style=\"display: block;\">Frankreich investiert massiv in Forschung und Entwicklung und ist ein zentraler Innovationsstandort in Europa. Mit Technologiehubs wie Station F in Paris und internationalen Forschungseinrichtungen ist Frankreich f\u00fchrend in Bereichen wie k\u00fcnstliche Intelligenz, Blockchain und nachhaltige Technologien. Unternehmen, die auf digitale Transformation setzen, finden hier ein dynamisches \u00d6kosystem.<\/div>\r\n            <\/div>\r\n                    <div class=\"pxl--item\">\r\n                <h5 class=\"pxl-accordion--title\" data-target=\"#pxl_accordion-59614a33-5634-f545248\">\r\n                                        <span class=\"pxl-title--text\">Une politique \u00e9conomique proactive<\/span>\r\n                    <span class=\"pxl-icon--action\"><\/i><\/span>\r\n                <\/h5>\r\n                <div id=\"pxl_accordion-59614a33-5634-f545248\" class=\"pxl-accordion--content pxl-p3\" >Die franz\u00f6sische Regierung verfolgt seit Jahren eine unternehmensfreundliche Politik. Mit Steuererleichterungen, Investitionsf\u00f6rderungen und Programmen wie France Relance werden Unternehmen gezielt bei der Expansion und Innovation unterst\u00fctzt. Das erleichtert es, neue Gesch\u00e4ftsm\u00f6glichkeiten zu erschlie\u00dfen und Risiken zu minimieren.<\/div>\r\n            <\/div>\r\n                    <div class=\"pxl--item\">\r\n                <h5 class=\"pxl-accordion--title\" data-target=\"#pxl_accordion-59614a33-5634-6a760ec\">\r\n                                        <span class=\"pxl-title--text\">Hochqualifizierte Fachkr\u00e4fte<\/span>\r\n                    <span class=\"pxl-icon--action\"><\/i><\/span>\r\n                <\/h5>\r\n                <div id=\"pxl_accordion-59614a33-5634-6a760ec\" class=\"pxl-accordion--content pxl-p3\" >Frankreich bietet Zugang zu einer der talentiertesten Arbeitskr\u00e4fte Europas. Universit\u00e4ten wie die Sorbonne und technische Hochschulen wie \u00c9cole Polytechnique produzieren erstklassige Absolventen in Wissenschaft, Technik und Wirtschaft. Dazu kommt eine starke Kultur der Innovation und Kreativit\u00e4t, die Unternehmen nachhaltig st\u00e4rkt.<\/div>\r\n            <\/div>\r\n                    <div class=\"pxl--item\">\r\n                <h5 class=\"pxl-accordion--title\" data-target=\"#pxl_accordion-59614a33-5634-6777d3d\">\r\n                                        <span class=\"pxl-title--text\">A\u00e9ronautique et espace : une plaque tournante mondiale<\/span>\r\n                    <span class=\"pxl-icon--action\"><\/i><\/span>\r\n                <\/h5>\r\n                <div id=\"pxl_accordion-59614a33-5634-6777d3d\" class=\"pxl-accordion--content pxl-p3\" >Frankreich ist die Heimat einiger der gr\u00f6\u00dften Unternehmen der Luft- und Raumfahrtindustrie, wie Airbus, Thales und Dassault Aviation. Diese Branche bietet enorme Chancen f\u00fcr Zulieferer und Innovationspartner. Besonders in Bereichen wie nachhaltiger Flugzeugbau und Weltraumtechnologie k\u00f6nnen Unternehmen profitieren.<\/div>\r\n            <\/div>\r\n                    <div class=\"pxl--item\">\r\n                <h5 class=\"pxl-accordion--title\" data-target=\"#pxl_accordion-59614a33-5634-feb495a\">\r\n                                        <span class=\"pxl-title--text\">\u00c9nergie nucl\u00e9aire et \u00e9conomie de l'hydrog\u00e8ne<\/span>\r\n                    <span class=\"pxl-icon--action\"><\/i><\/span>\r\n                <\/h5>\r\n                <div id=\"pxl_accordion-59614a33-5634-feb495a\" class=\"pxl-accordion--content pxl-p3\" >Frankreich ist ein Pionier in der Energiewende und deckt 70 % seines Strombedarfs durch Kernenergie. Gleichzeitig investiert das Land stark in erneuerbare Energien und Wasserstofftechnologien. Europ\u00e4ische Unternehmen k\u00f6nnen von gro\u00dfz\u00fcgigen F\u00f6rderprogrammen und einer dynamischen Nachfrage nach nachhaltigen L\u00f6sungen profitieren.<\/div>\r\n            <\/div>\r\n                    <div class=\"pxl--item\">\r\n                <h5 class=\"pxl-accordion--title\" data-target=\"#pxl_accordion-59614a33-5634-7a87e72\">\r\n                                        <span class=\"pxl-title--text\">Agriculture et alimentation<\/span>\r\n                    <span class=\"pxl-icon--action\"><\/i><\/span>\r\n                <\/h5>\r\n                <div id=\"pxl_accordion-59614a33-5634-7a87e72\" class=\"pxl-accordion--content pxl-p3\" >Frankreich ist der gr\u00f6\u00dfte Agrarproduzent Europas und weltweit bekannt f\u00fcr seine hochwertigen Lebensmittel, Weine und Spirituosen. Unternehmen, die in den Bereichen Agrartechnologie, nachhaltige Lebensmittelproduktion oder Logistik t\u00e4tig sind, finden in Frankreich ideale Partner und M\u00e4rkte.<\/div>\r\n            <\/div>\r\n                    <div class=\"pxl--item\">\r\n                <h5 class=\"pxl-accordion--title\" data-target=\"#pxl_accordion-59614a33-5634-fa6b900\">\r\n                                        <span class=\"pxl-title--text\">Mode, luxe et industries cr\u00e9atives<\/span>\r\n                    <span class=\"pxl-icon--action\"><\/i><\/span>\r\n                <\/h5>\r\n                <div id=\"pxl_accordion-59614a33-5634-fa6b900\" class=\"pxl-accordion--content pxl-p3\" >Frankreich ist weltweit f\u00fchrend in den Bereichen Luxusg\u00fcter, Mode und Design. Marken wie Louis Vuitton, Chanel und Herm\u00e8s setzen globale Standards. Unternehmen aus verwandten Branchen wie Textilien, Kosmetik oder Marketing k\u00f6nnen von der Expertise und dem starken Netzwerk profitieren.<\/div>\r\n            <\/div>\r\n                    <div class=\"pxl--item\">\r\n                <h5 class=\"pxl-accordion--title\" data-target=\"#pxl_accordion-59614a33-5634-24d3672\">\r\n                                        <span class=\"pxl-title--text\">Un march\u00e9 de consommation fort<\/span>\r\n                    <span class=\"pxl-icon--action\"><\/i><\/span>\r\n                <\/h5>\r\n                <div id=\"pxl_accordion-59614a33-5634-24d3672\" class=\"pxl-accordion--content pxl-p3\" >Mit \u00fcber 67 Millionen Einwohnern und einer kaufkr\u00e4ftigen Mittelschicht ist Frankreich einer der wichtigsten Konsumm\u00e4rkte Europas. Ob Mode, Luxusg\u00fcter, Lebensmittel oder Technologie \u2013 Frankreich bietet Unternehmen einen direkten Zugang zu einem anspruchsvollen und vielf\u00e4ltigen Kundenkreis.<\/div>\r\n            <\/div>\r\n                    <div class=\"pxl--item\">\r\n                <h5 class=\"pxl-accordion--title\" data-target=\"#pxl_accordion-59614a33-5634-c8bb35a\">\r\n                                        <span class=\"pxl-title--text\">Situation strat\u00e9gique<\/span>\r\n                    <span class=\"pxl-icon--action\"><\/i><\/span>\r\n                <\/h5>\r\n                <div id=\"pxl_accordion-59614a33-5634-c8bb35a\" class=\"pxl-accordion--content pxl-p3\" >Frankreichs geografische Lage macht es zu einem wichtigen Zugangspunkt f\u00fcr Europa, den Mittelmeerraum und Afrika. Mit erstklassiger Infrastruktur, darunter Hochgeschwindigkeitsz\u00fcge, internationale Flugh\u00e4fen und H\u00e4fen wie Le Havre oder Marseille, k\u00f6nnen Unternehmen Lieferketten effizient gestalten und M\u00e4rkte weltweit bedienen.<\/div>\r\n            <\/div>\r\n            <\/div>\r\n\t\t\t\t<\/div>\n\t\t\t\t<\/div>\n\t\t            <\/div>\r\n        <\/div>\r\n                <div class=\"elementor-column elementor-col-33 elementor-top-column elementor-element elementor-element-2dc45ea pxl-column-none pxl-column-overflow-hidden-no\" data-id=\"2dc45ea\" data-element_type=\"column\" data-e-type=\"column\">\r\n        <div class=\"elementor-widget-wrap elementor-element-populated\">\r\n                     \r\n        \t\t<div class=\"elementor-element elementor-element-0fd99f1 elementor-widget elementor-widget-pxl_menu\" data-id=\"0fd99f1\" data-element_type=\"widget\" data-e-type=\"widget\" data-widget_type=\"pxl_menu.default\">\n\t\t\t\t<div class=\"elementor-widget-container\">\n\t\t\t\t\t \r\n\r\n    <div class=\"pxl-nav-menu pxl-nav-menu1 style-default hover-default sub-style-default show-effect-slideup sub-hover-left-line pxl-mega-full-width pxl-layout-vertical wow pulse\" data-wow-delay=\"ms\">\r\n        <div class=\"menu-laender-container\"><ul id=\"menu-laender\" class=\"pxl-menu-primary clearfix\"><li id=\"menu-item-24891\" class=\"menu-item menu-item-type-post_type menu-item-object-page menu-item-24891\"><a href=\"https:\/\/benegesta.com\/fr\/france\/\"><span class=\"pxl-menu-item-text\">France<span class=\"pxl-item-menu-icon pxl-hide\"><\/span><\/span><\/a><\/li>\n<li id=\"menu-item-24970\" class=\"menu-item menu-item-type-post_type menu-item-object-page menu-item-24970\"><a href=\"https:\/\/benegesta.com\/fr\/allemagne\/\"><span class=\"pxl-menu-item-text\">Allemagne<span class=\"pxl-item-menu-icon pxl-hide\"><\/span><\/span><\/a><\/li>\n<li id=\"menu-item-24892\" class=\"menu-item menu-item-type-post_type menu-item-object-page menu-item-24892\"><a href=\"https:\/\/benegesta.com\/fr\/canada\/\"><span class=\"pxl-menu-item-text\">Canada<span class=\"pxl-item-menu-icon pxl-hide\"><\/span><\/span><\/a><\/li>\n<li id=\"menu-item-24987\" class=\"menu-item menu-item-type-post_type menu-item-object-page menu-item-24987\"><a href=\"https:\/\/benegesta.com\/fr\/kerneuropa\/\"><span class=\"pxl-menu-item-text\">C\u0153ur de l'Europe<span class=\"pxl-item-menu-icon pxl-hide\"><\/span><\/span><\/a><\/li>\n<\/ul><\/div>    <\/div>\r\n\t\t\t\t<\/div>\n\t\t\t\t<\/div>\n\t\t            <\/div>\r\n        <\/div>\r\n        \t\t\t<\/div>\n\t\t<\/section>\n\t\t\t\t<\/div>","protected":false},"excerpt":{"rendered":"<p>Der zweitgr\u00f6\u00dfte Markt in Europa Frankreich Frankreich bietet europ\u00e4ischen Unternehmen nicht nur Zugang zu einem gro\u00dfen, diversifizierten Markt, sondern auch zu einem innovationsfreundlichen und zukunftsorientierten Umfeld. Von etablierten Industrien wie Energie und Automobil bis hin zu Wachstumsfeldern wie Technologie und nachhaltiger Entwicklung \u2013 Frankreich bietet alles, was Unternehmen f\u00fcr nachhaltigen Erfolg ben\u00f6tigen. Innovationskraft und Technologiezentren [&hellip;]<\/p>","protected":false},"author":1,"featured_media":0,"parent":0,"menu_order":0,"comment_status":"closed","ping_status":"closed","template":"","meta":{"footnotes":""},"class_list":["post-24860","page","type-page","status-publish","hentry"],"_links":{"self":[{"href":"https:\/\/benegesta.com\/fr\/wp-json\/wp\/v2\/pages\/24860","targetHints":{"allow":["GET"]}}],"collection":[{"href":"https:\/\/benegesta.com\/fr\/wp-json\/wp\/v2\/pages"}],"about":[{"href":"https:\/\/benegesta.com\/fr\/wp-json\/wp\/v2\/types\/page"}],"author":[{"embeddable":true,"href":"https:\/\/benegesta.com\/fr\/wp-json\/wp\/v2\/users\/1"}],"replies":[{"embeddable":true,"href":"https:\/\/benegesta.com\/fr\/wp-json\/wp\/v2\/comments?post=24860"}],"version-history":[{"count":35,"href":"https:\/\/benegesta.com\/fr\/wp-json\/wp\/v2\/pages\/24860\/revisions"}],"predecessor-version":[{"id":24990,"href":"https:\/\/benegesta.com\/fr\/wp-json\/wp\/v2\/pages\/24860\/revisions\/24990"}],"wp:attachment":[{"href":"https:\/\/benegesta.com\/fr\/wp-json\/wp\/v2\/media?parent=24860"}],"curies":[{"name":"wp","href":"https:\/\/api.w.org\/{rel}","templated":true}]}}