{"id":2262,"date":"2024-03-26T08:02:39","date_gmt":"2024-03-26T08:02:39","guid":{"rendered":"https:\/\/demo.bravisthemes.com\/gurus\/?page_id=2262"},"modified":"2025-02-03T11:14:12","modified_gmt":"2025-02-03T11:14:12","slug":"industrien","status":"publish","type":"page","link":"https:\/\/benegesta.com\/fr\/industries\/","title":{"rendered":"Industries"},"content":{"rendered":"<div data-elementor-type=\"wp-page\" data-elementor-id=\"2262\" class=\"elementor elementor-2262\" data-elementor-post-type=\"page\">\n\t\t\t\t        <section class=\"elementor-section elementor-top-section elementor-element elementor-element-db1aef6 elementor-section-stretched elementor-section-boxed elementor-section-height-default elementor-section-height-default pxl-row-scroll-none pxl-zoom-point-false pxl-section-overflow-visible pxl-section-fix-none pxl-bg-color-none pxl-section-overlay-none\" data-id=\"db1aef6\" data-element_type=\"section\" data-e-type=\"section\" data-settings=\"{&quot;stretch_section&quot;:&quot;section-stretched&quot;}\">\n\n                \n                <div class=\"elementor-container elementor-column-gap-extended\">\n                <div class=\"elementor-column elementor-col-100 elementor-top-column elementor-element elementor-element-02c2654 pxl-column-none pxl-column-overflow-hidden-no\" data-id=\"02c2654\" data-element_type=\"column\" data-e-type=\"column\">\r\n        <div class=\"elementor-widget-wrap elementor-element-populated\">\r\n                     \r\n        \t\t<div class=\"elementor-element elementor-element-60feb77 elementor-widget__width-auto elementor-widget-tablet__width-initial elementor-widget elementor-widget-pxl_heading\" data-id=\"60feb77\" data-element_type=\"widget\" data-e-type=\"widget\" data-widget_type=\"pxl_heading.default\">\n\t\t\t\t<div class=\"elementor-widget-container\">\n\t\t\t\t\t\n<div id=\"pxl-pxl_heading-60feb77-1423\" class=\"pxl-heading\" >\n\t<div class=\"pxl-heading--container\" >\n\t\t<div class=\"pxl-heading--inner\">\n\t\t\t\t\t\t\t\t\t<h2 class=\"pxl-item--title pxl-heading-style-1  wow fadeInUp\" data-wow-delay=\"ms\">\n\t\t\t\tConnaissance du secteur en d\u00e9tail\t\t\t\t\t\n\t\t\t\t\t\t\t<\/h2>\n\t\t<\/div>\n\t\t\n\t<\/div>\n<\/div>\n\t\t\t\t<\/div>\n\t\t\t\t<\/div>\n\t\t            <\/div>\r\n        <\/div>\r\n        \t\t\t<\/div>\n\t\t<\/section>\n\t\t        <section class=\"elementor-section elementor-top-section elementor-element elementor-element-32a073a elementor-section-stretched elementor-section-boxed elementor-section-height-default elementor-section-height-default pxl-row-scroll-none pxl-zoom-point-false pxl-section-overflow-visible pxl-section-fix-none pxl-bg-color-none pxl-section-overlay-none\" data-id=\"32a073a\" data-element_type=\"section\" data-e-type=\"section\" data-settings=\"{&quot;stretch_section&quot;:&quot;section-stretched&quot;}\">\n\n                \n                <div class=\"elementor-container elementor-column-gap-extended\">\n                <div class=\"elementor-column elementor-col-100 elementor-top-column elementor-element elementor-element-8f0a374 pxl-column-none pxl-column-overflow-hidden-no\" data-id=\"8f0a374\" data-element_type=\"column\" data-e-type=\"column\">\r\n        <div class=\"elementor-widget-wrap elementor-element-populated\">\r\n                     \r\n        \t\t<div class=\"elementor-element elementor-element-0137367 elementor-widget__width-auto elementor-widget-tablet__width-initial elementor-widget elementor-widget-pxl_text_editor\" data-id=\"0137367\" data-element_type=\"widget\" data-e-type=\"widget\" data-widget_type=\"pxl_text_editor.default\">\n\t\t\t\t<div class=\"elementor-widget-container\">\n\t\t\t\t\t<div class=\"pxl-text-editor\">\n\t<div class=\"pxl-item--inner pxl-p2\" data-wow-delay=\"ms\">\n\t\t<p>Zus\u00e4tzlich zu meinen Hauptt\u00e4tigkeitsfeldern habe ich \u00fcber viele Jahre hinweg wertvolle Erfahrungen in verschiedenen Industrien gesammelt, darunter Pharma, Medizintechnik, Logistik und Luftfahrt. Diese Vielfalt an Branchenkenntnissen erm\u00f6glicht es mir, komplexe Zusammenh\u00e4nge zu verstehen und die branchenspezifischen Anforderungen pr\u00e4zise zu erfassen. Durch mein umfangreiches Netzwerk und meine F\u00e4higkeit, schnell die relevanten Bed\u00fcrfnisse zu identifizieren, kann ich f\u00fcr jedes Projekt die passenden L\u00f6sungen entwickeln.<\/p><p>\u00a0<\/p><p><strong>Votre avantage :<\/strong><\/p><p>Meine langj\u00e4hrige Erfahrung in diversen Industrien erlaubt es mir, Potenziale nicht nur zu erkennen, sondern auch effizient zu nutzen. Ich analysiere branchenspezifische Herausforderungen pr\u00e4zise und passe Strategien individuell an die Anforderungen Ihres Unternehmens an. Dabei lege ich besonderen Wert auf nachhaltige Ans\u00e4tze, die sowohl kurzfristig Ergebnisse liefern als auch langfristig Bestand haben.<\/p><p>\u00a0<\/p><p>Dank meiner F\u00e4higkeit, bew\u00e4hrte Methoden aus verschiedenen Branchen zu kombinieren, bringe ich frische Perspektiven und innovative Ans\u00e4tze in jedes Projekt ein. Dies bef\u00e4higt mich, ma\u00dfgeschneiderte L\u00f6sungen zu entwickeln, die sich reibungslos in bestehende Unternehmensstrukturen einf\u00fcgen und gleichzeitig neue Wachstumschancen er\u00f6ffnen. Egal, ob Ihr Unternehmen im Maschinenbau, der IT, der Elektronik oder einer anderen Branche t\u00e4tig ist, meine Vielseitigkeit macht mich zu einem starken Partner. Gemeinsam erreichen wir sowohl kurzfristige als auch langfristige Ziele mit nachhaltigem Erfolg.<\/p>\t\t\n\t<\/div>\n<\/div>\t\t\t\t<\/div>\n\t\t\t\t<\/div>\n\t\t            <\/div>\r\n        <\/div>\r\n        \t\t\t<\/div>\n\t\t<\/section>\n\t\t\t\t<\/div>","protected":false},"excerpt":{"rendered":"<p>Branchenkenntnisse im Detail Zus\u00e4tzlich zu meinen Hauptt\u00e4tigkeitsfeldern habe ich \u00fcber viele Jahre hinweg wertvolle Erfahrungen in verschiedenen Industrien gesammelt, darunter Pharma, Medizintechnik, Logistik und Luftfahrt. Diese Vielfalt an Branchenkenntnissen erm\u00f6glicht es mir, komplexe Zusammenh\u00e4nge zu verstehen und die branchenspezifischen Anforderungen pr\u00e4zise zu erfassen. Durch mein umfangreiches Netzwerk und meine F\u00e4higkeit, schnell die relevanten Bed\u00fcrfnisse zu [&hellip;]<\/p>","protected":false},"author":1,"featured_media":0,"parent":0,"menu_order":0,"comment_status":"closed","ping_status":"closed","template":"","meta":{"footnotes":""},"class_list":["post-2262","page","type-page","status-publish","hentry"],"_links":{"self":[{"href":"https:\/\/benegesta.com\/fr\/wp-json\/wp\/v2\/pages\/2262","targetHints":{"allow":["GET"]}}],"collection":[{"href":"https:\/\/benegesta.com\/fr\/wp-json\/wp\/v2\/pages"}],"about":[{"href":"https:\/\/benegesta.com\/fr\/wp-json\/wp\/v2\/types\/page"}],"author":[{"embeddable":true,"href":"https:\/\/benegesta.com\/fr\/wp-json\/wp\/v2\/users\/1"}],"replies":[{"embeddable":true,"href":"https:\/\/benegesta.com\/fr\/wp-json\/wp\/v2\/comments?post=2262"}],"version-history":[{"count":21,"href":"https:\/\/benegesta.com\/fr\/wp-json\/wp\/v2\/pages\/2262\/revisions"}],"predecessor-version":[{"id":24802,"href":"https:\/\/benegesta.com\/fr\/wp-json\/wp\/v2\/pages\/2262\/revisions\/24802"}],"wp:attachment":[{"href":"https:\/\/benegesta.com\/fr\/wp-json\/wp\/v2\/media?parent=2262"}],"curies":[{"name":"wp","href":"https:\/\/api.w.org\/{rel}","templated":true}]}}