{"id":15118,"date":"2024-06-12T08:14:12","date_gmt":"2024-06-12T08:14:12","guid":{"rendered":"https:\/\/demo.bravisthemes.com\/gurus\/?post_type=service&#038;p=15118"},"modified":"2025-02-03T09:34:43","modified_gmt":"2025-02-03T09:34:43","slug":"impressum","status":"publish","type":"page","link":"https:\/\/benegesta.com\/fr\/mentions-legales\/","title":{"rendered":"Mentions l\u00e9gales"},"content":{"rendered":"<div data-elementor-type=\"wp-post\" data-elementor-id=\"15118\" class=\"elementor elementor-15118\" data-elementor-post-type=\"page\">\n\t\t\t\t        <section class=\"elementor-section elementor-top-section elementor-element elementor-element-92c4f22 elementor-section-stretched pxl-row-scroll-fixed elementor-section-boxed elementor-section-height-default elementor-section-height-default pxl-zoom-point-false pxl-section-overflow-visible pxl-section-fix-none pxl-bg-color-none pxl-section-overlay-none\" data-id=\"92c4f22\" data-element_type=\"section\" data-e-type=\"section\" data-settings=\"{&quot;stretch_section&quot;:&quot;section-stretched&quot;}\">\n\n                \n                <div class=\"elementor-container elementor-column-gap-extended\">\n                <div class=\"elementor-column elementor-col-100 elementor-top-column elementor-element elementor-element-0df624a pxl-column-none pxl-column-overflow-hidden-no\" data-id=\"0df624a\" data-element_type=\"column\" data-e-type=\"column\">\r\n        <div class=\"elementor-widget-wrap elementor-element-populated\">\r\n                     \r\n        \t\t<div class=\"elementor-element elementor-element-6ef37f1 elementor-widget elementor-widget-pxl_heading\" data-id=\"6ef37f1\" data-element_type=\"widget\" data-e-type=\"widget\" data-widget_type=\"pxl_heading.default\">\n\t\t\t\t<div class=\"elementor-widget-container\">\n\t\t\t\t\t\n<div id=\"pxl-pxl_heading-6ef37f1-1126\" class=\"pxl-heading\" >\n\t<div class=\"pxl-heading--container\" >\n\t\t<div class=\"pxl-heading--inner\">\n\t\t\t\t\t\t\t\t\t<h1 class=\"pxl-item--title pxl-heading-post-title\" data-wow-delay=\"ms\">\n\t\t\t\t\t\t\t\tMentions l\u00e9gales\t\t\t\t\t\n\t\t\t\t\t\t\t<\/h1>\n\t\t<\/div>\n\t\t\n\t<\/div>\n<\/div>\n\t\t\t\t<\/div>\n\t\t\t\t<\/div>\n\t\t\t\t<div class=\"elementor-element elementor-element-1acf5bb elementor-widget elementor-widget-pxl_text_editor\" data-id=\"1acf5bb\" data-element_type=\"widget\" data-e-type=\"widget\" data-widget_type=\"pxl_text_editor.default\">\n\t\t\t\t<div class=\"elementor-widget-container\">\n\t\t\t\t\t<div class=\"pxl-text-editor\">\n\t<div class=\"pxl-item--inner pxl-p2\" data-wow-delay=\"ms\">\n\t\t<p>Erik Mueller<br \/>Benegesta Consulting<\/p><p>\u00a0<\/p><p>Am W\u00e4ldchen 20<br \/>66280 Sulzbach<br \/>Allemagne<\/p><p>T\u00e9l. : +496897765314<br \/>Courrier \u00e9lectronique : erik_mueller@yahoo.com<\/p><p>\u00a0<\/p><p>Exon\u00e9r\u00e9 de la TVA (r\u00e9gime des petites entreprises)<\/p><p>\u00a0<\/p><p>Verantwortliche\/r i.S.d. \u00a7 18 Abs. 2 MStV:<br \/>Erik M\u00fcller, Am W\u00e4ldchen 20, 66280 Sulzbach<\/p><p>\u00a0<\/p><p>Zust\u00e4ndige Aufsichtsbeh\u00f6rde f\u00fcr das Angebot audiovisueller Mediendienste:<br \/>Lan\u00addes\u00adme\u00addi\u00aden\u00adan\u00adstalt Saarland, Nell-Breuning Allee 6 \u00b7 66115 Saarbr\u00fccken<\/p><p>\u00a0<\/p><p>Plate-forme de la Commission europ\u00e9enne pour le r\u00e8glement en ligne des litiges :\u00a0<a href=\"https:\/\/ec.europa.eu\/odr\" target=\"_blank\" rel=\"noopener\">https:\/\/ec.europa.eu\/odr<\/a><\/p><p>\u00a0<\/p><p>Nous ne sommes ni oblig\u00e9s ni pr\u00eats \u00e0 participer \u00e0 une proc\u00e9dure de r\u00e8glement des litiges devant un organisme de conciliation des consommateurs.<\/p>\t\t\n\t<\/div>\n<\/div>\t\t\t\t<\/div>\n\t\t\t\t<\/div>\n\t\t            <\/div>\r\n        <\/div>\r\n        \t\t\t<\/div>\n\t\t<\/section>\n\t\t\t\t<\/div>","protected":false},"excerpt":{"rendered":"<p>Impressum Erik MuellerBenegesta Consulting \u00a0 Am W\u00e4ldchen 2066280 SulzbachDeutschland Tel.: +496897765314E-Mail: erik_mueller@yahoo.com \u00a0 Umsatzsteuerbefreit (Kleinunternehmerregelung) \u00a0 Verantwortliche\/r i.S.d. \u00a7 18 Abs. 2 MStV:Erik M\u00fcller, Am W\u00e4ldchen 20, 66280 Sulzbach \u00a0 Zust\u00e4ndige Aufsichtsbeh\u00f6rde f\u00fcr das Angebot audiovisueller Mediendienste:Lan\u00addes\u00adme\u00addi\u00aden\u00adan\u00adstalt Saarland, Nell-Breuning Allee 6 \u00b7 66115 Saarbr\u00fccken \u00a0 Plattform der EU-Kommission zur Online-Streitbeilegung:\u00a0https:\/\/ec.europa.eu\/odr \u00a0 Wir sind zur Teilnahme [&hellip;]<\/p>","protected":false},"author":1,"featured_media":0,"parent":0,"menu_order":0,"comment_status":"closed","ping_status":"closed","template":"","meta":{"footnotes":""},"class_list":["post-15118","page","type-page","status-publish","hentry"],"_links":{"self":[{"href":"https:\/\/benegesta.com\/fr\/wp-json\/wp\/v2\/pages\/15118","targetHints":{"allow":["GET"]}}],"collection":[{"href":"https:\/\/benegesta.com\/fr\/wp-json\/wp\/v2\/pages"}],"about":[{"href":"https:\/\/benegesta.com\/fr\/wp-json\/wp\/v2\/types\/page"}],"author":[{"embeddable":true,"href":"https:\/\/benegesta.com\/fr\/wp-json\/wp\/v2\/users\/1"}],"replies":[{"embeddable":true,"href":"https:\/\/benegesta.com\/fr\/wp-json\/wp\/v2\/comments?post=15118"}],"version-history":[{"count":1,"href":"https:\/\/benegesta.com\/fr\/wp-json\/wp\/v2\/pages\/15118\/revisions"}],"predecessor-version":[{"id":25201,"href":"https:\/\/benegesta.com\/fr\/wp-json\/wp\/v2\/pages\/15118\/revisions\/25201"}],"wp:attachment":[{"href":"https:\/\/benegesta.com\/fr\/wp-json\/wp\/v2\/media?parent=15118"}],"curies":[{"name":"wp","href":"https:\/\/api.w.org\/{rel}","templated":true}]}}