{"id":24971,"date":"2025-01-27T13:40:03","date_gmt":"2025-01-27T13:40:03","guid":{"rendered":"https:\/\/benegesta.com\/?page_id=24971"},"modified":"2025-02-03T09:35:17","modified_gmt":"2025-02-03T09:35:17","slug":"kerneuropa","status":"publish","type":"page","link":"https:\/\/benegesta.com\/en\/core-europe\/","title":{"rendered":"Heart of Europe"},"content":{"rendered":"<div data-elementor-type=\"wp-page\" data-elementor-id=\"24971\" class=\"elementor elementor-24971\" data-elementor-post-type=\"page\">\n\t\t\t\t        <section class=\"elementor-section elementor-top-section elementor-element elementor-element-279d139d elementor-section-stretched elementor-section-boxed elementor-section-height-default elementor-section-height-default pxl-row-scroll-none pxl-zoom-point-false pxl-section-overflow-visible pxl-section-fix-none pxl-bg-color-none pxl-section-overlay-none\" data-id=\"279d139d\" data-element_type=\"section\" data-e-type=\"section\" data-settings=\"{&quot;stretch_section&quot;:&quot;section-stretched&quot;}\">\n\n                \n                <div class=\"elementor-container elementor-column-gap-extended\">\n                <div class=\"elementor-column elementor-col-50 elementor-top-column elementor-element elementor-element-7bc50642 pxl-column-none pxl-column-overflow-hidden-no\" data-id=\"7bc50642\" data-element_type=\"column\" data-e-type=\"column\">\r\n        <div class=\"elementor-widget-wrap elementor-element-populated\">\r\n                     \r\n                <section class=\"elementor-section elementor-inner-section elementor-element elementor-element-36896719 elementor-section-boxed elementor-section-height-default elementor-section-height-default pxl-row-scroll-none pxl-zoom-point-false pxl-section-overflow-visible pxl-section-fix-none pxl-bg-color-none pxl-section-overlay-none\" data-id=\"36896719\" data-element_type=\"section\" data-e-type=\"section\">\n\n                \n                <div class=\"elementor-container elementor-column-gap-default\">\n                <div class=\"elementor-column elementor-col-100 elementor-inner-column elementor-element elementor-element-567b1358 pxl-column-none pxl-column-overflow-hidden-no\" data-id=\"567b1358\" data-element_type=\"column\" data-e-type=\"column\">\r\n        <div class=\"elementor-widget-wrap elementor-element-populated\">\r\n                     \r\n        \t\t<div class=\"elementor-element elementor-element-2eb4777e elementor-widget__width-auto elementor-widget-tablet__width-initial elementor-widget elementor-widget-pxl_heading\" data-id=\"2eb4777e\" data-element_type=\"widget\" data-e-type=\"widget\" data-widget_type=\"pxl_heading.default\">\n\t\t\t\t<div class=\"elementor-widget-container\">\n\t\t\t\t\t\n<div id=\"pxl-pxl_heading-2eb4777e-3270\" class=\"pxl-heading\" >\n\t<div class=\"pxl-heading--container\" >\n\t\t<div class=\"pxl-heading--inner\">\n\t\t\t\t\t\t\t<div class=\"pxl-item--subtitle\" data-wow-delay=\"ms\">\n\t\t\t\t\t<span class=\"pxl-item--subtext\">\n\t\t\t\t\t\tVielfalt und St\u00e4rke\t\t\t\t\t<\/span>\n\t\t\t\t<\/div>\n\t\t\t\t\t\t\t\t\t<h2 class=\"pxl-item--title pxl-heading-style-1  wow fadeInUp\" data-wow-delay=\"ms\">\n\t\t\t\tHeart of Europe\t\t\t\t\t\n\t\t\t\t\t\t\t<\/h2>\n\t\t<\/div>\n\t\t\n\t<\/div>\n<\/div>\n\t\t\t\t<\/div>\n\t\t\t\t<\/div>\n\t\t            <\/div>\r\n        <\/div>\r\n        \t\t\t<\/div>\n\t\t<\/section>\n\t\t\t\t<div class=\"elementor-element elementor-element-5ead5f72 elementor-widget__width-auto elementor-widget-tablet__width-initial elementor-widget elementor-widget-pxl_text_editor\" data-id=\"5ead5f72\" data-element_type=\"widget\" data-e-type=\"widget\" data-widget_type=\"pxl_text_editor.default\">\n\t\t\t\t<div class=\"elementor-widget-container\">\n\t\t\t\t\t<div class=\"pxl-text-editor\">\n\t<div class=\"pxl-item--inner pxl-p2\" data-wow-delay=\"ms\">\n\t\t<p>Kerneuropa bietet eine beeindruckende Vielfalt an wirtschaftlichen Chancen, die von etablierten Industrien bis hin zu Wachstumsbranchen reichen. Trotz der Herausforderungen des Brexits bleibt Gro\u00dfbritannien ein wichtiger Bestandteil der europ\u00e4ischen Wirtschaft. Hier sind die neun zentralen St\u00e4rken dieser Regionen:<\/p>\t\t\n\t<\/div>\n<\/div>\t\t\t\t<\/div>\n\t\t\t\t<\/div>\n\t\t            <\/div>\r\n        <\/div>\r\n                <div class=\"elementor-column elementor-col-50 elementor-top-column elementor-element elementor-element-f7617b2 pxl-column-none pxl-column-overflow-hidden-no\" data-id=\"f7617b2\" data-element_type=\"column\" data-e-type=\"column\">\r\n        <div class=\"elementor-widget-wrap elementor-element-populated\">\r\n                     \r\n        \t\t<div class=\"elementor-element elementor-element-3e8b06d6 elementor-widget elementor-widget-pxl_image\" data-id=\"3e8b06d6\" data-element_type=\"widget\" data-e-type=\"widget\" data-widget_type=\"pxl_image.default\">\n\t\t\t\t<div class=\"elementor-widget-container\">\n\t\t\t\t\t<div id=\"pxl_image-3e8b06d6-3437\"  class=\"pxl-image-single\"  data-wow-delay=\"ms\" \r\n      \r\n          data-parallax-value = \"0\">\r\n    <div class=\"pxl-item--inner\" data-wow-delay=\"120ms\">\r\n                                    <div class=\"pxl-item--image\" >\r\n                                            <img fetchpriority=\"high\" decoding=\"async\" width=\"2560\" height=\"1707\" src=\"https:\/\/benegesta.com\/wp-content\/uploads\/2025\/01\/european-flag-2023-11-27-05-21-53-utc-scaled.jpg\" class=\"no-lazyload attachment-full\" alt=\"\" \/>                                    <\/div>\r\n                                                                    <\/div>\r\n<\/div>\r\n\t\t\t\t<\/div>\n\t\t\t\t<\/div>\n\t\t            <\/div>\r\n        <\/div>\r\n        \t\t\t<\/div>\n\t\t<\/section>\n\t\t        <section class=\"elementor-section elementor-top-section elementor-element elementor-element-5e6ea9e1 elementor-section-stretched elementor-section-boxed elementor-section-height-default elementor-section-height-default pxl-row-scroll-none pxl-zoom-point-false pxl-section-overflow-visible pxl-section-fix-none pxl-bg-color-none pxl-section-overlay-none\" data-id=\"5e6ea9e1\" data-element_type=\"section\" data-e-type=\"section\" data-settings=\"{&quot;stretch_section&quot;:&quot;section-stretched&quot;}\">\n\n                \n                <div class=\"elementor-container elementor-column-gap-extended\">\n                <div class=\"elementor-column elementor-col-100 elementor-top-column elementor-element elementor-element-2c750c6b pxl-column-none pxl-column-overflow-hidden-no\" data-id=\"2c750c6b\" data-element_type=\"column\" data-e-type=\"column\">\r\n        <div class=\"elementor-widget-wrap\">\r\n                     \r\n                    <\/div>\r\n        <\/div>\r\n        \t\t\t<\/div>\n\t\t<\/section>\n\t\t        <section class=\"elementor-section elementor-top-section elementor-element elementor-element-37afe516 elementor-section-boxed elementor-section-height-default elementor-section-height-default pxl-row-scroll-none pxl-zoom-point-false pxl-section-overflow-visible pxl-section-fix-none pxl-bg-color-none pxl-section-overlay-none\" data-id=\"37afe516\" data-element_type=\"section\" data-e-type=\"section\">\n\n                \n                <div class=\"elementor-container elementor-column-gap-default\">\n                <div class=\"elementor-column elementor-col-66 elementor-top-column elementor-element elementor-element-6aaf8732 pxl-column-none pxl-column-overflow-hidden-no\" data-id=\"6aaf8732\" data-element_type=\"column\" data-e-type=\"column\">\r\n        <div class=\"elementor-widget-wrap elementor-element-populated\">\r\n                     \r\n        \t\t<div class=\"elementor-element elementor-element-5bd04e1c elementor-widget elementor-widget-pxl_accordion\" data-id=\"5bd04e1c\" data-element_type=\"widget\" data-e-type=\"widget\" data-widget_type=\"pxl_accordion.default\">\n\t\t\t\t<div class=\"elementor-widget-container\">\n\t\t\t\t\t    <div class=\"pxl-accordion pxl-accordion1 pxl-accordion-style-default\" data-wow-delay=\"ms\">\r\n                    <div class=\"pxl--item active\">\r\n                <h5 class=\"pxl-accordion--title\" data-target=\"#pxl_accordion-5bd04e1c-4303-1244bab\">\r\n                                        <span class=\"pxl-title--text\">Strategic retail and logistics centers: Benelux<\/span>\r\n                    <span class=\"pxl-icon--action\"><\/i><\/span>\r\n                <\/h5>\r\n                <div id=\"pxl_accordion-5bd04e1c-4303-1244bab\" class=\"pxl-accordion--content pxl-p3\" style=\"display: block;\">Die Benelux-Staaten (Belgien, Niederlande, Luxemburg) sind das Herz des europ\u00e4ischen Handels. Mit den weltweit f\u00fchrenden H\u00e4fen Rotterdam und Antwerpen, hochmodernen Logistikzentren und einer idealen Lage sind die Benelux-Staaten ein unverzichtbarer Knotenpunkt f\u00fcr den Zugang zu den EU- und globalen M\u00e4rkten. Luxemburg bietet zudem einen erstklassigen Finanzsektor und eine starke Infrastruktur f\u00fcr internationale Investoren.<\/div>\r\n            <\/div>\r\n                    <div class=\"pxl--item\">\r\n                <h5 class=\"pxl-accordion--title\" data-target=\"#pxl_accordion-5bd04e1c-4303-6777d3d\">\r\n                                        <span class=\"pxl-title--text\">Finanzst\u00e4rke und Innovationskraft: Gro\u00dfbritannien<\/span>\r\n                    <span class=\"pxl-icon--action\"><\/i><\/span>\r\n                <\/h5>\r\n                <div id=\"pxl_accordion-5bd04e1c-4303-6777d3d\" class=\"pxl-accordion--content pxl-p3\" >Trotz des Brexits bleibt Gro\u00dfbritannien ein essentieller Teil Europas, ein globaler Finanzplatz, angef\u00fchrt von London, das weiterhin eines der wichtigsten Finanzzentren der Welt ist. Dar\u00fcber hinaus ist Gro\u00dfbritannien ein Innovationsf\u00fchrer in K\u00fcnstlicher Intelligenz, Biotechnologie und erneuerbaren Energien. Europ\u00e4ische Unternehmen profitieren von einem dynamischen Markt und starken Partnerschaften in Forschung und Entwicklung.<\/div>\r\n            <\/div>\r\n                    <div class=\"pxl--item\">\r\n                <h5 class=\"pxl-accordion--title\" data-target=\"#pxl_accordion-5bd04e1c-4303-feb495a\">\r\n                                        <span class=\"pxl-title--text\">Industriekultur und Exportst\u00e4rke: Italien<\/span>\r\n                    <span class=\"pxl-icon--action\"><\/i><\/span>\r\n                <\/h5>\r\n                <div id=\"pxl_accordion-5bd04e1c-4303-feb495a\" class=\"pxl-accordion--content pxl-p3\" >Italien ist ein globaler Spitzenreiter in Branchen wie Maschinenbau, Mode, Luxusg\u00fcter und Lebensmittel. Besonders stark sind mittelst\u00e4ndische Unternehmen, die sich durch exzellentes Handwerk und Innovationsgeist auszeichnen. Regionen wie die Lombardei und Emilia-Romagna sind Industriezentren, die Unternehmen zahlreiche Kooperationsm\u00f6glichkeiten bieten.<\/div>\r\n            <\/div>\r\n                    <div class=\"pxl--item\">\r\n                <h5 class=\"pxl-accordion--title\" data-target=\"#pxl_accordion-5bd04e1c-4303-24d3672\">\r\n                                        <span class=\"pxl-title--text\">Growing market and IT expertise: Poland<\/span>\r\n                    <span class=\"pxl-icon--action\"><\/i><\/span>\r\n                <\/h5>\r\n                <div id=\"pxl_accordion-5bd04e1c-4303-24d3672\" class=\"pxl-accordion--content pxl-p3\" >Polen ist die gr\u00f6\u00dfte Volkswirtschaft Osteuropas und ein wachsender Markt f\u00fcr IT-Dienstleistungen, Softwareentwicklung und Logistik. Mit seiner strategischen Lage zwischen Westeuropa und Russland bietet Polen Zugang zu osteurop\u00e4ischen M\u00e4rkten. Auch der Ausbau der Infrastruktur und die F\u00f6rderung ausl\u00e4ndischer Investitionen machen das Land attraktiv.<\/div>\r\n            <\/div>\r\n                    <div class=\"pxl--item\">\r\n                <h5 class=\"pxl-accordion--title\" data-target=\"#pxl_accordion-5bd04e1c-4303-c8bb35a\">\r\n                                        <span class=\"pxl-title--text\">Renewable energies and agribusiness: Spain<\/span>\r\n                    <span class=\"pxl-icon--action\"><\/i><\/span>\r\n                <\/h5>\r\n                <div id=\"pxl_accordion-5bd04e1c-4303-c8bb35a\" class=\"pxl-accordion--content pxl-p3\" >Spanien ist ein Vorreiter bei der Entwicklung von erneuerbaren Energien, insbesondere in den Bereichen Wind- und Solarenergie. Zudem ist Spanien einer der gr\u00f6\u00dften Agrarproduzenten Europas, insbesondere f\u00fcr Wein, Oliven\u00f6l und Zitrusfr\u00fcchte. Der Tourismus und die Nachfrage nach innovativen Technologien im Gastgewerbe bieten zus\u00e4tzliche Gesch\u00e4ftsm\u00f6glichkeiten.<\/div>\r\n            <\/div>\r\n                    <div class=\"pxl--item\">\r\n                <h5 class=\"pxl-accordion--title\" data-target=\"#pxl_accordion-5bd04e1c-4303-7a87e72\">\r\n                                        <span class=\"pxl-title--text\">Sustainability and digitalization: Portugal<\/span>\r\n                    <span class=\"pxl-icon--action\"><\/i><\/span>\r\n                <\/h5>\r\n                <div id=\"pxl_accordion-5bd04e1c-4303-7a87e72\" class=\"pxl-accordion--content pxl-p3\" >Portugal hat sich zu einem aufstrebenden Innovationsstandort entwickelt, insbesondere im Bereich der Digitalisierung, Start-ups und gr\u00fcnen Technologien. Regionen wie Lissabon und Porto ziehen Investitionen in die Bereiche IT, erneuerbare Energien und kreative Industrien an. Portugal bietet zudem wettbewerbsf\u00e4hige Betriebskosten bei hoher Lebensqualit\u00e4t.<\/div>\r\n            <\/div>\r\n                    <div class=\"pxl--item\">\r\n                <h5 class=\"pxl-accordion--title\" data-target=\"#pxl_accordion-5bd04e1c-4303-f545248\">\r\n                                        <span class=\"pxl-title--text\">Forschung und Entwicklung: Gro\u00dfbritannien und Benelux<\/span>\r\n                    <span class=\"pxl-icon--action\"><\/i><\/span>\r\n                <\/h5>\r\n                <div id=\"pxl_accordion-5bd04e1c-4303-f545248\" class=\"pxl-accordion--content pxl-p3\" >Gro\u00dfbritannien und die Benelux-Staaten sind f\u00fchrend in Forschung und Entwicklung. Ob Life Sciences in Cambridge, KI in London oder High-Tech-Industrien in Eindhoven \u2013 die enge Verzahnung von Universit\u00e4ten, Unternehmen und Forschungszentren schafft ein erstklassiges Innovationsumfeld f\u00fcr europ\u00e4ische Unternehmen.<\/div>\r\n            <\/div>\r\n                    <div class=\"pxl--item\">\r\n                <h5 class=\"pxl-accordion--title\" data-target=\"#pxl_accordion-5bd04e1c-4303-fa6b900\">\r\n                                        <span class=\"pxl-title--text\">Attraktive Verbraucher- und Exportm\u00e4rkte<\/span>\r\n                    <span class=\"pxl-icon--action\"><\/i><\/span>\r\n                <\/h5>\r\n                <div id=\"pxl_accordion-5bd04e1c-4303-fa6b900\" class=\"pxl-accordion--content pxl-p3\" >Italien, Spanien und Gro\u00dfbritannien bieten durch ihre gro\u00dfe Bev\u00f6lkerungszahl und hohe Kaufkraft attraktive Verbraucherm\u00e4rkte. Von Luxusg\u00fctern \u00fcber Lebensmittel bis hin zu Technologieprodukten \u2013 europ\u00e4ische Unternehmen k\u00f6nnen von der starken Konsumnachfrage profitieren.<\/div>\r\n            <\/div>\r\n                    <div class=\"pxl--item\">\r\n                <h5 class=\"pxl-accordion--title\" data-target=\"#pxl_accordion-5bd04e1c-4303-6a760ec\">\r\n                                        <span class=\"pxl-title--text\">Finanzielle F\u00f6rderung und EU-Unterst\u00fctzung<\/span>\r\n                    <span class=\"pxl-icon--action\"><\/i><\/span>\r\n                <\/h5>\r\n                <div id=\"pxl_accordion-5bd04e1c-4303-6a760ec\" class=\"pxl-accordion--content pxl-p3\" >Viele der genannten L\u00e4nder, insbesondere Polen, Spanien und Portugal, profitieren von gro\u00dfz\u00fcgigen EU-F\u00f6rderprogrammen. Diese Subventionen unterst\u00fctzen Investitionen in Bereiche wie Infrastruktur, gr\u00fcne Technologien und Digitalisierung. Unternehmen, die in diesen L\u00e4ndern aktiv werden, k\u00f6nnen von F\u00f6rdermitteln und niedrigen Betriebskosten profitieren.<\/div>\r\n            <\/div>\r\n            <\/div>\r\n\t\t\t\t<\/div>\n\t\t\t\t<\/div>\n\t\t            <\/div>\r\n        <\/div>\r\n                <div class=\"elementor-column elementor-col-33 elementor-top-column elementor-element elementor-element-6d4d4c6f pxl-column-none pxl-column-overflow-hidden-no\" data-id=\"6d4d4c6f\" data-element_type=\"column\" data-e-type=\"column\">\r\n        <div class=\"elementor-widget-wrap elementor-element-populated\">\r\n                     \r\n        \t\t<div class=\"elementor-element elementor-element-b3e2b68 elementor-widget elementor-widget-pxl_menu\" data-id=\"b3e2b68\" data-element_type=\"widget\" data-e-type=\"widget\" data-widget_type=\"pxl_menu.default\">\n\t\t\t\t<div class=\"elementor-widget-container\">\n\t\t\t\t\t \r\n\r\n    <div class=\"pxl-nav-menu pxl-nav-menu1 style-default hover-default sub-style-default show-effect-slideup sub-hover-left-line pxl-mega-full-width pxl-layout-vertical\" data-wow-delay=\"ms\">\r\n        <div class=\"menu-laender-container\"><ul id=\"menu-laender\" class=\"pxl-menu-primary clearfix\"><li id=\"menu-item-24891\" class=\"menu-item menu-item-type-post_type menu-item-object-page menu-item-24891\"><a href=\"https:\/\/benegesta.com\/en\/france\/\"><span class=\"pxl-menu-item-text\">France<span class=\"pxl-item-menu-icon pxl-hide\"><\/span><\/span><\/a><\/li>\n<li id=\"menu-item-24970\" class=\"menu-item menu-item-type-post_type menu-item-object-page menu-item-24970\"><a href=\"https:\/\/benegesta.com\/en\/deutschland\/\"><span class=\"pxl-menu-item-text\">Germany<span class=\"pxl-item-menu-icon pxl-hide\"><\/span><\/span><\/a><\/li>\n<li id=\"menu-item-24892\" class=\"menu-item menu-item-type-post_type menu-item-object-page menu-item-24892\"><a href=\"https:\/\/benegesta.com\/en\/kanada\/\"><span class=\"pxl-menu-item-text\">Canada<span class=\"pxl-item-menu-icon pxl-hide\"><\/span><\/span><\/a><\/li>\n<li id=\"menu-item-24987\" class=\"menu-item menu-item-type-post_type menu-item-object-page menu-item-24987\"><a href=\"https:\/\/benegesta.com\/en\/core-europe\/\"><span class=\"pxl-menu-item-text\">Heart of Europe<span class=\"pxl-item-menu-icon pxl-hide\"><\/span><\/span><\/a><\/li>\n<\/ul><\/div>    <\/div>\r\n\t\t\t\t<\/div>\n\t\t\t\t<\/div>\n\t\t            <\/div>\r\n        <\/div>\r\n        \t\t\t<\/div>\n\t\t<\/section>\n\t\t        <section class=\"elementor-section elementor-top-section elementor-element elementor-element-4b44b75e elementor-section-boxed elementor-section-height-default elementor-section-height-default pxl-row-scroll-none pxl-zoom-point-false pxl-section-overflow-visible pxl-section-fix-none pxl-bg-color-none pxl-section-overlay-none\" data-id=\"4b44b75e\" data-element_type=\"section\" data-e-type=\"section\">\n\n                \n                <div class=\"elementor-container elementor-column-gap-default\">\n                <div class=\"elementor-column elementor-col-100 elementor-top-column elementor-element elementor-element-21b3d9ee pxl-column-none pxl-column-overflow-hidden-no\" data-id=\"21b3d9ee\" data-element_type=\"column\" data-e-type=\"column\">\r\n        <div class=\"elementor-widget-wrap\">\r\n                     \r\n                    <\/div>\r\n        <\/div>\r\n        \t\t\t<\/div>\n\t\t<\/section>\n\t\t        <section class=\"elementor-section elementor-top-section elementor-element elementor-element-20d298e2 elementor-section-boxed elementor-section-height-default elementor-section-height-default pxl-row-scroll-none pxl-zoom-point-false pxl-section-overflow-visible pxl-section-fix-none pxl-bg-color-none pxl-section-overlay-none\" data-id=\"20d298e2\" data-element_type=\"section\" data-e-type=\"section\">\n\n                \n                <div class=\"elementor-container elementor-column-gap-default\">\n                <div class=\"elementor-column elementor-col-100 elementor-top-column elementor-element elementor-element-2bec20e0 pxl-column-none pxl-column-overflow-hidden-no\" data-id=\"2bec20e0\" data-element_type=\"column\" data-e-type=\"column\">\r\n        <div class=\"elementor-widget-wrap\">\r\n                     \r\n                    <\/div>\r\n        <\/div>\r\n        \t\t\t<\/div>\n\t\t<\/section>\n\t\t\t\t<\/div>","protected":false},"excerpt":{"rendered":"<p>Vielfalt und St\u00e4rke Kerneuropa Kerneuropa bietet eine beeindruckende Vielfalt an wirtschaftlichen Chancen, die von etablierten Industrien bis hin zu Wachstumsbranchen reichen. Trotz der Herausforderungen des Brexits bleibt Gro\u00dfbritannien ein wichtiger Bestandteil der europ\u00e4ischen Wirtschaft. Hier sind die neun zentralen St\u00e4rken dieser Regionen: Strategische Handels- und Logistikzentren: Benelux Die Benelux-Staaten (Belgien, Niederlande, Luxemburg) sind das Herz [&hellip;]<\/p>","protected":false},"author":1,"featured_media":0,"parent":0,"menu_order":0,"comment_status":"closed","ping_status":"closed","template":"","meta":{"footnotes":""},"class_list":["post-24971","page","type-page","status-publish","hentry"],"_links":{"self":[{"href":"https:\/\/benegesta.com\/en\/wp-json\/wp\/v2\/pages\/24971","targetHints":{"allow":["GET"]}}],"collection":[{"href":"https:\/\/benegesta.com\/en\/wp-json\/wp\/v2\/pages"}],"about":[{"href":"https:\/\/benegesta.com\/en\/wp-json\/wp\/v2\/types\/page"}],"author":[{"embeddable":true,"href":"https:\/\/benegesta.com\/en\/wp-json\/wp\/v2\/users\/1"}],"replies":[{"embeddable":true,"href":"https:\/\/benegesta.com\/en\/wp-json\/wp\/v2\/comments?post=24971"}],"version-history":[{"count":11,"href":"https:\/\/benegesta.com\/en\/wp-json\/wp\/v2\/pages\/24971\/revisions"}],"predecessor-version":[{"id":24993,"href":"https:\/\/benegesta.com\/en\/wp-json\/wp\/v2\/pages\/24971\/revisions\/24993"}],"wp:attachment":[{"href":"https:\/\/benegesta.com\/en\/wp-json\/wp\/v2\/media?parent=24971"}],"curies":[{"name":"wp","href":"https:\/\/api.w.org\/{rel}","templated":true}]}}