{"id":24960,"date":"2025-01-27T13:36:55","date_gmt":"2025-01-27T13:36:55","guid":{"rendered":"https:\/\/benegesta.com\/?page_id=24960"},"modified":"2025-02-03T09:33:09","modified_gmt":"2025-02-03T09:33:09","slug":"deutschland","status":"publish","type":"page","link":"https:\/\/benegesta.com\/en\/deutschland\/","title":{"rendered":"Germany"},"content":{"rendered":"<div data-elementor-type=\"wp-page\" data-elementor-id=\"24960\" class=\"elementor elementor-24960\" data-elementor-post-type=\"page\">\n\t\t\t\t        <section class=\"elementor-section elementor-top-section elementor-element elementor-element-254a79c7 elementor-section-stretched elementor-section-boxed elementor-section-height-default elementor-section-height-default pxl-row-scroll-none pxl-zoom-point-false pxl-section-overflow-visible pxl-section-fix-none pxl-bg-color-none pxl-section-overlay-none\" data-id=\"254a79c7\" data-element_type=\"section\" data-e-type=\"section\" data-settings=\"{&quot;stretch_section&quot;:&quot;section-stretched&quot;}\">\n\n                \n                <div class=\"elementor-container elementor-column-gap-extended\">\n                <div class=\"elementor-column elementor-col-50 elementor-top-column elementor-element elementor-element-4e34a090 pxl-column-none pxl-column-overflow-hidden-no\" data-id=\"4e34a090\" data-element_type=\"column\" data-e-type=\"column\">\r\n        <div class=\"elementor-widget-wrap elementor-element-populated\">\r\n                     \r\n                <section class=\"elementor-section elementor-inner-section elementor-element elementor-element-7c283cb elementor-section-boxed elementor-section-height-default elementor-section-height-default pxl-row-scroll-none pxl-zoom-point-false pxl-section-overflow-visible pxl-section-fix-none pxl-bg-color-none pxl-section-overlay-none\" data-id=\"7c283cb\" data-element_type=\"section\" data-e-type=\"section\">\n\n                \n                <div class=\"elementor-container elementor-column-gap-default\">\n                <div class=\"elementor-column elementor-col-100 elementor-inner-column elementor-element elementor-element-3898107 pxl-column-none pxl-column-overflow-hidden-no\" data-id=\"3898107\" data-element_type=\"column\" data-e-type=\"column\">\r\n        <div class=\"elementor-widget-wrap elementor-element-populated\">\r\n                     \r\n        \t\t<div class=\"elementor-element elementor-element-5eacaaa4 elementor-widget__width-auto elementor-widget-tablet__width-initial elementor-widget elementor-widget-pxl_heading\" data-id=\"5eacaaa4\" data-element_type=\"widget\" data-e-type=\"widget\" data-widget_type=\"pxl_heading.default\">\n\t\t\t\t<div class=\"elementor-widget-container\">\n\t\t\t\t\t\n<div id=\"pxl-pxl_heading-5eacaaa4-1584\" class=\"pxl-heading\" >\n\t<div class=\"pxl-heading--container\" >\n\t\t<div class=\"pxl-heading--inner\">\n\t\t\t\t\t\t\t<div class=\"pxl-item--subtitle\" data-wow-delay=\"ms\">\n\t\t\t\t\t<span class=\"pxl-item--subtext\">\n\t\t\t\t\t\tDie gr\u00f6\u00dfte Volkswirtschaft in der EU\t\t\t\t\t<\/span>\n\t\t\t\t<\/div>\n\t\t\t\t\t\t\t\t\t<h2 class=\"pxl-item--title pxl-heading-style-1  wow fadeInUp\" data-wow-delay=\"ms\">\n\t\t\t\tGermany\t\t\t\t\t\n\t\t\t\t\t\t\t<\/h2>\n\t\t<\/div>\n\t\t\n\t<\/div>\n<\/div>\n\t\t\t\t<\/div>\n\t\t\t\t<\/div>\n\t\t            <\/div>\r\n        <\/div>\r\n        \t\t\t<\/div>\n\t\t<\/section>\n\t\t\t\t<div class=\"elementor-element elementor-element-35f39f3f elementor-widget__width-auto elementor-widget-tablet__width-initial elementor-widget elementor-widget-pxl_text_editor\" data-id=\"35f39f3f\" data-element_type=\"widget\" data-e-type=\"widget\" data-widget_type=\"pxl_text_editor.default\">\n\t\t\t\t<div class=\"elementor-widget-container\">\n\t\t\t\t\t<div class=\"pxl-text-editor\">\n\t<div class=\"pxl-item--inner pxl-p2\" data-wow-delay=\"ms\">\n\t\t<p>Deutschland bietet eine einmalige Kombination aus wirtschaftlicher Stabilit\u00e4t, technologischer Exzellenz und einem zukunftsorientierten Umfeld. Von der Automobilindustrie \u00fcber erneuerbare Energien bis hin zur Digitalisierung \u2013 Unternehmen, die in Deutschland investieren, profitieren von einem erstklassigen Netzwerk, innovativen Partnerschaften und einem Zugang zu globalen M\u00e4rkten. <strong>Deutschland ist der Schl\u00fcssel zu nachhaltigem Wachstum und langfristigem Erfolg.<\/strong><\/p>\t\t\n\t<\/div>\n<\/div>\t\t\t\t<\/div>\n\t\t\t\t<\/div>\n\t\t            <\/div>\r\n        <\/div>\r\n                <div class=\"elementor-column elementor-col-50 elementor-top-column elementor-element elementor-element-54da160e pxl-column-none pxl-column-overflow-hidden-no\" data-id=\"54da160e\" data-element_type=\"column\" data-e-type=\"column\">\r\n        <div class=\"elementor-widget-wrap elementor-element-populated\">\r\n                     \r\n        \t\t<div class=\"elementor-element elementor-element-10678310 elementor-widget elementor-widget-pxl_image\" data-id=\"10678310\" data-element_type=\"widget\" data-e-type=\"widget\" data-widget_type=\"pxl_image.default\">\n\t\t\t\t<div class=\"elementor-widget-container\">\n\t\t\t\t\t<div id=\"pxl_image-10678310-6053\"  class=\"pxl-image-single\"  data-wow-delay=\"ms\" \r\n      \r\n          data-parallax-value = \"0\">\r\n    <div class=\"pxl-item--inner\" data-wow-delay=\"120ms\">\r\n                                    <div class=\"pxl-item--image\" >\r\n                                            <img fetchpriority=\"high\" decoding=\"async\" width=\"2560\" height=\"1708\" src=\"https:\/\/benegesta.com\/wp-content\/uploads\/2025\/01\/german-flag-in-front-of-the-german-parliament-bun-2023-11-27-05-34-06-utc-scaled.jpg\" class=\"no-lazyload attachment-full\" alt=\"\" \/>                                    <\/div>\r\n                                                                    <\/div>\r\n<\/div>\r\n\t\t\t\t<\/div>\n\t\t\t\t<\/div>\n\t\t            <\/div>\r\n        <\/div>\r\n        \t\t\t<\/div>\n\t\t<\/section>\n\t\t        <section class=\"elementor-section elementor-top-section elementor-element elementor-element-2dde1478 elementor-section-stretched elementor-section-boxed elementor-section-height-default elementor-section-height-default pxl-row-scroll-none pxl-zoom-point-false pxl-section-overflow-visible pxl-section-fix-none pxl-bg-color-none pxl-section-overlay-none\" data-id=\"2dde1478\" data-element_type=\"section\" data-e-type=\"section\" data-settings=\"{&quot;stretch_section&quot;:&quot;section-stretched&quot;}\">\n\n                \n                <div class=\"elementor-container elementor-column-gap-extended\">\n                <div class=\"elementor-column elementor-col-100 elementor-top-column elementor-element elementor-element-1ca6a0d4 pxl-column-none pxl-column-overflow-hidden-no\" data-id=\"1ca6a0d4\" data-element_type=\"column\" data-e-type=\"column\">\r\n        <div class=\"elementor-widget-wrap\">\r\n                     \r\n                    <\/div>\r\n        <\/div>\r\n        \t\t\t<\/div>\n\t\t<\/section>\n\t\t        <section class=\"elementor-section elementor-top-section elementor-element elementor-element-19bf07c9 elementor-section-boxed elementor-section-height-default elementor-section-height-default pxl-row-scroll-none pxl-zoom-point-false pxl-section-overflow-visible pxl-section-fix-none pxl-bg-color-none pxl-section-overlay-none\" data-id=\"19bf07c9\" data-element_type=\"section\" data-e-type=\"section\">\n\n                \n                <div class=\"elementor-container elementor-column-gap-default\">\n                <div class=\"elementor-column elementor-col-66 elementor-top-column elementor-element elementor-element-779f17f4 pxl-column-none pxl-column-overflow-hidden-no\" data-id=\"779f17f4\" data-element_type=\"column\" data-e-type=\"column\">\r\n        <div class=\"elementor-widget-wrap elementor-element-populated\">\r\n                     \r\n        \t\t<div class=\"elementor-element elementor-element-d4121dc elementor-widget elementor-widget-pxl_accordion\" data-id=\"d4121dc\" data-element_type=\"widget\" data-e-type=\"widget\" data-widget_type=\"pxl_accordion.default\">\n\t\t\t\t<div class=\"elementor-widget-container\">\n\t\t\t\t\t    <div class=\"pxl-accordion pxl-accordion1 pxl-accordion-style-default\" data-wow-delay=\"ms\">\r\n                    <div class=\"pxl--item active\">\r\n                <h5 class=\"pxl-accordion--title\" data-target=\"#pxl_accordion-d4121dc-3165-1244bab\">\r\n                                        <span class=\"pxl-title--text\">Industrial excellence and the automotive industry<\/span>\r\n                    <span class=\"pxl-icon--action\"><\/i><\/span>\r\n                <\/h5>\r\n                <div id=\"pxl_accordion-d4121dc-3165-1244bab\" class=\"pxl-accordion--content pxl-p3\" style=\"display: block;\">Deutschland ist bekannt f\u00fcr seine starke industrielle Basis, insbesondere in der Automobilindustrie. Marken wie Volkswagen, BMW und Mercedes-Benz stehen f\u00fcr Qualit\u00e4t und Innovation. Unternehmen, die in den Bereichen Elektromobilit\u00e4t, autonomes Fahren oder Zulieferung t\u00e4tig sind, profitieren von Deutschlands weltweiter F\u00fchrungsrolle und seinem Fokus auf neue Technologien.<br \/>\n<\/div>\r\n            <\/div>\r\n                    <div class=\"pxl--item\">\r\n                <h5 class=\"pxl-accordion--title\" data-target=\"#pxl_accordion-d4121dc-3165-6777d3d\">\r\n                                        <span class=\"pxl-title--text\">Innovation and research<\/span>\r\n                    <span class=\"pxl-icon--action\"><\/i><\/span>\r\n                <\/h5>\r\n                <div id=\"pxl_accordion-d4121dc-3165-6777d3d\" class=\"pxl-accordion--content pxl-p3\" >Mit einer der h\u00f6chsten Investitionen in Forschung und Entwicklung (F&amp;E) weltweit ist Deutschland ein Innovationsf\u00fchrer. Die enge Zusammenarbeit zwischen Universit\u00e4ten, Forschungseinrichtungen wie Fraunhofer und Max-Planck-Instituten sowie Unternehmen schafft ein einzigartiges Innovationsumfeld, das gerade f\u00fcr High-Tech-Unternehmen ideale Bedingungen bietet.<\/div>\r\n            <\/div>\r\n                    <div class=\"pxl--item\">\r\n                <h5 class=\"pxl-accordion--title\" data-target=\"#pxl_accordion-d4121dc-3165-feb495a\">\r\n                                        <span class=\"pxl-title--text\">Mechanical engineering and technology<\/span>\r\n                    <span class=\"pxl-icon--action\"><\/i><\/span>\r\n                <\/h5>\r\n                <div id=\"pxl_accordion-d4121dc-3165-feb495a\" class=\"pxl-accordion--content pxl-p3\" >Deutschland ist das Herzst\u00fcck des globalen Maschinenbaus und der Industrie 4.0. Von Automatisierung \u00fcber Robotik bis hin zu intelligenten Fertigungssystemen \u2013 deutsche Unternehmen setzen weltweit Ma\u00dfst\u00e4be. Europ\u00e4ische Unternehmen, die in diesen Bereichen t\u00e4tig sind, finden hier starke Partner und Absatzm\u00e4rkte.<\/div>\r\n            <\/div>\r\n                    <div class=\"pxl--item\">\r\n                <h5 class=\"pxl-accordion--title\" data-target=\"#pxl_accordion-d4121dc-3165-24d3672\">\r\n                                        <span class=\"pxl-title--text\">Zugang zu den europ\u00e4ischen M\u00e4rkten<\/span>\r\n                    <span class=\"pxl-icon--action\"><\/i><\/span>\r\n                <\/h5>\r\n                <div id=\"pxl_accordion-d4121dc-3165-24d3672\" class=\"pxl-accordion--content pxl-p3\" >Als zentral gelegenes Land in Europa bietet Deutschland direkten Zugang zu \u00fcber 500 Millionen Verbrauchern. Mit seiner exzellenten Infrastruktur \u2013 von Autobahnen \u00fcber Hochgeschwindigkeitsz\u00fcge bis hin zu internationalen Flugh\u00e4fen \u2013 ist Deutschland ein logistischer Dreh- und Angelpunkt f\u00fcr Unternehmen, die ihre Lieferketten optimieren m\u00f6chten.<\/div>\r\n            <\/div>\r\n                    <div class=\"pxl--item\">\r\n                <h5 class=\"pxl-accordion--title\" data-target=\"#pxl_accordion-d4121dc-3165-c8bb35a\">\r\n                                        <span class=\"pxl-title--text\">Nachhaltigkeit und gr\u00fcne Technologien<\/span>\r\n                    <span class=\"pxl-icon--action\"><\/i><\/span>\r\n                <\/h5>\r\n                <div id=\"pxl_accordion-d4121dc-3165-c8bb35a\" class=\"pxl-accordion--content pxl-p3\" >Deutschland ist ein globaler Vorreiter bei erneuerbaren Energien und Nachhaltigkeit. Initiativen wie die Energiewende machen das Land zu einem attraktiven Markt f\u00fcr Unternehmen, die im Bereich Umwelttechnologien, Elektromobilit\u00e4t oder nachhaltiger Bauweise t\u00e4tig sind. Staatliche F\u00f6rderprogramme und ein wachsender Markt schaffen ideale Bedingungen.<\/div>\r\n            <\/div>\r\n                    <div class=\"pxl--item\">\r\n                <h5 class=\"pxl-accordion--title\" data-target=\"#pxl_accordion-d4121dc-3165-7a87e72\">\r\n                                        <span class=\"pxl-title--text\">Finanzstabilit\u00e4t und starke Wirtschaft<\/span>\r\n                    <span class=\"pxl-icon--action\"><\/i><\/span>\r\n                <\/h5>\r\n                <div id=\"pxl_accordion-d4121dc-3165-7a87e72\" class=\"pxl-accordion--content pxl-p3\" >Deutschland ist bekannt f\u00fcr seine wirtschaftliche Stabilit\u00e4t und eine solide Finanzpolitik. Der Zugang zu einem der gr\u00f6\u00dften und verl\u00e4sslichsten Bankensysteme Europas sowie einem starken Mittelstand bietet Unternehmen ein stabiles Umfeld f\u00fcr Investitionen und Wachstum \u2013 auch in unsicheren globalen Zeiten.<\/div>\r\n            <\/div>\r\n                    <div class=\"pxl--item\">\r\n                <h5 class=\"pxl-accordion--title\" data-target=\"#pxl_accordion-d4121dc-3165-f545248\">\r\n                                        <span class=\"pxl-title--text\">Hochqualifizierte Arbeitskr\u00e4fte<\/span>\r\n                    <span class=\"pxl-icon--action\"><\/i><\/span>\r\n                <\/h5>\r\n                <div id=\"pxl_accordion-d4121dc-3165-f545248\" class=\"pxl-accordion--content pxl-p3\" >Deutschland verf\u00fcgt \u00fcber eine der am besten ausgebildeten Arbeitskr\u00e4fte weltweit. Das duale Ausbildungssystem kombiniert Theorie und Praxis und sorgt f\u00fcr eine kontinuierliche Versorgung mit hochqualifizierten Fachkr\u00e4ften. Dies gilt besonders in technischen und ingenieurwissenschaftlichen Bereichen.<\/div>\r\n            <\/div>\r\n                    <div class=\"pxl--item\">\r\n                <h5 class=\"pxl-accordion--title\" data-target=\"#pxl_accordion-d4121dc-3165-fa6b900\">\r\n                                        <span class=\"pxl-title--text\">Proactive economic policy<\/span>\r\n                    <span class=\"pxl-icon--action\"><\/i><\/span>\r\n                <\/h5>\r\n                <div id=\"pxl_accordion-d4121dc-3165-fa6b900\" class=\"pxl-accordion--content pxl-p3\" >Die deutsche Regierung unterst\u00fctzt Unternehmen aktiv durch Innovationsf\u00f6rderung, Steuererleichterungen und Programme zur Digitalisierung und Internationalisierung. Initiativen wie der Zukunftsfonds Deutschland erleichtern Start-ups und innovativen Unternehmen den Markteintritt und f\u00f6rdern das Wachstum.<\/div>\r\n            <\/div>\r\n                    <div class=\"pxl--item\">\r\n                <h5 class=\"pxl-accordion--title\" data-target=\"#pxl_accordion-d4121dc-3165-6a760ec\">\r\n                                        <span class=\"pxl-title--text\">Strong consumer demand<\/span>\r\n                    <span class=\"pxl-icon--action\"><\/i><\/span>\r\n                <\/h5>\r\n                <div id=\"pxl_accordion-d4121dc-3165-6a760ec\" class=\"pxl-accordion--content pxl-p3\" >Mit \u00fcber 83 Millionen Einwohnern und einer der h\u00f6chsten Kaufkraftniveaus in Europa ist Deutschland ein wichtiger Verbrauchermarkt. Ob Konsumg\u00fcter, Luxusprodukte oder Technologie \u2013 die starke Nachfrage deutscher Verbraucher macht das Land zu einem attraktiven Absatzmarkt f\u00fcr Unternehmen aus ganz Europa.<\/div>\r\n            <\/div>\r\n            <\/div>\r\n\t\t\t\t<\/div>\n\t\t\t\t<\/div>\n\t\t            <\/div>\r\n        <\/div>\r\n                <div class=\"elementor-column elementor-col-33 elementor-top-column elementor-element elementor-element-76d5407d pxl-column-none pxl-column-overflow-hidden-no\" data-id=\"76d5407d\" data-element_type=\"column\" data-e-type=\"column\">\r\n        <div class=\"elementor-widget-wrap elementor-element-populated\">\r\n                     \r\n        \t\t<div class=\"elementor-element elementor-element-53bc4d04 elementor-widget elementor-widget-pxl_menu\" data-id=\"53bc4d04\" data-element_type=\"widget\" data-e-type=\"widget\" data-widget_type=\"pxl_menu.default\">\n\t\t\t\t<div class=\"elementor-widget-container\">\n\t\t\t\t\t \r\n\r\n    <div class=\"pxl-nav-menu pxl-nav-menu1 style-default hover-default sub-style-default show-effect-slideup sub-hover-left-line pxl-mega-full-width pxl-layout-vertical\" data-wow-delay=\"ms\">\r\n        <div class=\"menu-laender-container\"><ul id=\"menu-laender\" class=\"pxl-menu-primary clearfix\"><li id=\"menu-item-24891\" class=\"menu-item menu-item-type-post_type menu-item-object-page menu-item-24891\"><a href=\"https:\/\/benegesta.com\/en\/france\/\"><span class=\"pxl-menu-item-text\">France<span class=\"pxl-item-menu-icon pxl-hide\"><\/span><\/span><\/a><\/li>\n<li id=\"menu-item-24970\" class=\"menu-item menu-item-type-post_type menu-item-object-page menu-item-24970\"><a href=\"https:\/\/benegesta.com\/en\/deutschland\/\"><span class=\"pxl-menu-item-text\">Germany<span class=\"pxl-item-menu-icon pxl-hide\"><\/span><\/span><\/a><\/li>\n<li id=\"menu-item-24892\" class=\"menu-item menu-item-type-post_type menu-item-object-page menu-item-24892\"><a href=\"https:\/\/benegesta.com\/en\/kanada\/\"><span class=\"pxl-menu-item-text\">Canada<span class=\"pxl-item-menu-icon pxl-hide\"><\/span><\/span><\/a><\/li>\n<li id=\"menu-item-24987\" class=\"menu-item menu-item-type-post_type menu-item-object-page menu-item-24987\"><a href=\"https:\/\/benegesta.com\/en\/core-europe\/\"><span class=\"pxl-menu-item-text\">Heart of Europe<span class=\"pxl-item-menu-icon pxl-hide\"><\/span><\/span><\/a><\/li>\n<\/ul><\/div>    <\/div>\r\n\t\t\t\t<\/div>\n\t\t\t\t<\/div>\n\t\t            <\/div>\r\n        <\/div>\r\n        \t\t\t<\/div>\n\t\t<\/section>\n\t\t        <section class=\"elementor-section elementor-top-section elementor-element elementor-element-6ca0e1bc elementor-section-boxed elementor-section-height-default elementor-section-height-default pxl-row-scroll-none pxl-zoom-point-false pxl-section-overflow-visible pxl-section-fix-none pxl-bg-color-none pxl-section-overlay-none\" data-id=\"6ca0e1bc\" data-element_type=\"section\" data-e-type=\"section\">\n\n                \n                <div class=\"elementor-container elementor-column-gap-default\">\n                <div class=\"elementor-column elementor-col-100 elementor-top-column elementor-element elementor-element-1b71a85d pxl-column-none pxl-column-overflow-hidden-no\" data-id=\"1b71a85d\" data-element_type=\"column\" data-e-type=\"column\">\r\n        <div class=\"elementor-widget-wrap\">\r\n                     \r\n                    <\/div>\r\n        <\/div>\r\n        \t\t\t<\/div>\n\t\t<\/section>\n\t\t        <section class=\"elementor-section elementor-top-section elementor-element elementor-element-31c75219 elementor-section-boxed elementor-section-height-default elementor-section-height-default pxl-row-scroll-none pxl-zoom-point-false pxl-section-overflow-visible pxl-section-fix-none pxl-bg-color-none pxl-section-overlay-none\" data-id=\"31c75219\" data-element_type=\"section\" data-e-type=\"section\">\n\n                \n                <div class=\"elementor-container elementor-column-gap-default\">\n                <div class=\"elementor-column elementor-col-100 elementor-top-column elementor-element elementor-element-21a49279 pxl-column-none pxl-column-overflow-hidden-no\" data-id=\"21a49279\" data-element_type=\"column\" data-e-type=\"column\">\r\n        <div class=\"elementor-widget-wrap\">\r\n                     \r\n                    <\/div>\r\n        <\/div>\r\n        \t\t\t<\/div>\n\t\t<\/section>\n\t\t\t\t<\/div>","protected":false},"excerpt":{"rendered":"<p>Die gr\u00f6\u00dfte Volkswirtschaft in der EU Deutschland Deutschland bietet eine einmalige Kombination aus wirtschaftlicher Stabilit\u00e4t, technologischer Exzellenz und einem zukunftsorientierten Umfeld. Von der Automobilindustrie \u00fcber erneuerbare Energien bis hin zur Digitalisierung \u2013 Unternehmen, die in Deutschland investieren, profitieren von einem erstklassigen Netzwerk, innovativen Partnerschaften und einem Zugang zu globalen M\u00e4rkten. Deutschland ist der Schl\u00fcssel zu [&hellip;]<\/p>","protected":false},"author":1,"featured_media":0,"parent":0,"menu_order":0,"comment_status":"closed","ping_status":"closed","template":"","meta":{"footnotes":""},"class_list":["post-24960","page","type-page","status-publish","hentry"],"_links":{"self":[{"href":"https:\/\/benegesta.com\/en\/wp-json\/wp\/v2\/pages\/24960","targetHints":{"allow":["GET"]}}],"collection":[{"href":"https:\/\/benegesta.com\/en\/wp-json\/wp\/v2\/pages"}],"about":[{"href":"https:\/\/benegesta.com\/en\/wp-json\/wp\/v2\/types\/page"}],"author":[{"embeddable":true,"href":"https:\/\/benegesta.com\/en\/wp-json\/wp\/v2\/users\/1"}],"replies":[{"embeddable":true,"href":"https:\/\/benegesta.com\/en\/wp-json\/wp\/v2\/comments?post=24960"}],"version-history":[{"count":11,"href":"https:\/\/benegesta.com\/en\/wp-json\/wp\/v2\/pages\/24960\/revisions"}],"predecessor-version":[{"id":24996,"href":"https:\/\/benegesta.com\/en\/wp-json\/wp\/v2\/pages\/24960\/revisions\/24996"}],"wp:attachment":[{"href":"https:\/\/benegesta.com\/en\/wp-json\/wp\/v2\/media?parent=24960"}],"curies":[{"name":"wp","href":"https:\/\/api.w.org\/{rel}","templated":true}]}}